{"id":8,"date":"2025-09-25T05:31:27","date_gmt":"2025-09-25T05:31:27","guid":{"rendered":"https:\/\/www.greenclub.com.pl\/?page_id=8"},"modified":"2025-09-25T05:31:27","modified_gmt":"2025-09-25T05:31:27","slug":"o-blogu","status":"publish","type":"page","link":"https:\/\/greenclub.com.pl\/?page_id=8","title":{"rendered":"O blogu"},"content":{"rendered":"\n<p>Rolnictwo i ogrodnictwo to dziedziny, kt\u00f3re nieustannie si\u0119 zmieniaj\u0105. Blog <strong>Zielone Strategie<\/strong> powsta\u0142, aby dzieli\u0107 si\u0119 wiedz\u0105 i do\u015bwiadczeniem, kt\u00f3re pomagaj\u0105 wprowadza\u0107 w \u017cycie nowoczesne i odpowiedzialne rozwi\u0105zania w ochronie ro\u015blin. To miejsce dla wszystkich, kt\u00f3rzy chc\u0105 pog\u0142\u0119bia\u0107 swoj\u0105 wiedz\u0119 o preparatach chemicznych i biologicznych, zdrowiu gleby czy przysz\u0142o\u015bci produkcji ro\u015blinnej.<\/p>\n\n\n\n<p>\ud83c\udf31 Inspirujemy do m\u0105drego korzystania z dost\u0119pnych narz\u0119dzi ochrony<br>\ud83c\udf0d Pokazujemy, jak \u0142\u0105czy\u0107 nowoczesne technologie z trosk\u0105 o \u015brodowisko<br>\ud83d\udcda Wyja\u015bniamy z\u0142o\u017cone zagadnienia w prosty i przyst\u0119pny spos\u00f3b<br>\ud83e\udd1d Budujemy spo\u0142eczno\u015b\u0107 ludzi \u015bwiadomych, kt\u00f3rzy chc\u0105 produkowa\u0107 zdrow\u0105 \u017cywno\u015b\u0107<\/p>\n","protected":false},"excerpt":{"rendered":"<p>Rolnictwo i ogrodnictwo to dziedziny, kt\u00f3re nieustannie si\u0119 zmieniaj\u0105. Blog Zielone Strategie powsta\u0142, aby dzieli\u0107 si\u0119 wiedz\u0105 i do\u015bwiadczeniem, kt\u00f3re pomagaj\u0105 wprowadza\u0107 w \u017cycie nowoczesne i odpowiedzialne rozwi\u0105zania w ochronie ro\u015blin. To miejsce dla wszystkich, kt\u00f3rzy chc\u0105 pog\u0142\u0119bia\u0107 swoj\u0105 wiedz\u0119 o preparatach chemicznych i biologicznych, zdrowiu gleby czy przysz\u0142o\u015bci produkcji ro\u015blinnej. \ud83c\udf31 Inspirujemy do m\u0105drego [&hellip;]<\/p>\n","protected":false},"author":1,"featured_media":0,"parent":0,"menu_order":0,"comment_status":"closed","ping_status":"closed","template":"","meta":{"footnotes":""},"class_list":["post-8","page","type-page","status-publish","hentry"],"_links":{"self":[{"href":"https:\/\/greenclub.com.pl\/index.php?rest_route=\/wp\/v2\/pages\/8","targetHints":{"allow":["GET"]}}],"collection":[{"href":"https:\/\/greenclub.com.pl\/index.php?rest_route=\/wp\/v2\/pages"}],"about":[{"href":"https:\/\/greenclub.com.pl\/index.php?rest_route=\/wp\/v2\/types\/page"}],"author":[{"embeddable":true,"href":"https:\/\/greenclub.com.pl\/index.php?rest_route=\/wp\/v2\/users\/1"}],"replies":[{"embeddable":true,"href":"https:\/\/greenclub.com.pl\/index.php?rest_route=%2Fwp%2Fv2%2Fcomments&post=8"}],"version-history":[{"count":0,"href":"https:\/\/greenclub.com.pl\/index.php?rest_route=\/wp\/v2\/pages\/8\/revisions"}],"wp:attachment":[{"href":"https:\/\/greenclub.com.pl\/index.php?rest_route=%2Fwp%2Fv2%2Fmedia&parent=8"}],"curies":[{"name":"wp","href":"https:\/\/api.w.org\/{rel}","templated":true}]}}